{"id":3453,"date":"2026-01-10T22:27:50","date_gmt":"2026-01-10T21:27:50","guid":{"rendered":"https:\/\/maisonurban.ma\/?post_type=product&#038;p=3453"},"modified":"2026-01-13T13:07:34","modified_gmt":"2026-01-13T12:07:34","slug":"jean-balloon-fit-simple-gris-delave","status":"publish","type":"product","link":"https:\/\/maisonurban.ma\/?product=jean-balloon-fit-simple-gris-delave","title":{"rendered":"Jean Balloon Fit Simple \u2013 Gris D\u00e9lav\u00e9"},"content":{"rendered":"<p>Jean balloon fit gris d\u00e9lav\u00e9, con\u00e7u pour un style moderne et confortable. Sa coupe large au niveau des jambes avec une taille ajust\u00e9e offre un \u00e9quilibre parfait entre streetwear et tendance urbaine. Facile \u00e0 associer avec un t-shirt, un hoodie ou une veste.<\/p>\n<p>D\u00e9tails du produit :<\/p>\n<p>Coupe : Balloon fit<\/p>\n<p>Couleur : Gris d\u00e9lav\u00e9<\/p>\n<p>Taille haute<\/p>\n<p>Jambes larges<\/p>\n<p>Fermeture zipp\u00e9e avec bouton<\/p>\n<p>Poches arri\u00e8re fonctionnelles<\/p>\n<p>Denim r\u00e9sistant et confortable<\/p>\n<p>Style : Streetwear \/ Urbain<\/p>\n<p>Id\u00e9al pour :<\/p>\n<p>Un look casual, street ou quotidien, parfait pour toutes les saisons.<\/p>\n","protected":false},"excerpt":{"rendered":"<p>Jean balloon fit gris d\u00e9lav\u00e9, con\u00e7u pour un style moderne et confortable. Sa coupe large au niveau des jambes avec une taille ajust\u00e9e offre un \u00e9quilibre parfait entre streetwear et tendance urbaine. Facile \u00e0 associer avec un t-shirt, un hoodie ou une veste. D\u00e9tails du produit : Coupe : Balloon fit Couleur : Gris d\u00e9lav\u00e9 &hellip;<\/p>\n","protected":false},"featured_media":3451,"comment_status":"open","ping_status":"closed","template":"","meta":[],"product_brand":[],"product_cat":[56,55],"product_tag":[],"class_list":{"0":"post-3453","1":"product","2":"type-product","3":"status-publish","4":"has-post-thumbnail","6":"product_cat-jeans","7":"product_cat-tout-voir","9":"first","10":"instock","11":"shipping-taxable","12":"purchasable","13":"product-type-variable"},"_links":{"self":[{"href":"https:\/\/maisonurban.ma\/index.php?rest_route=\/wp\/v2\/product\/3453","targetHints":{"allow":["GET"]}}],"collection":[{"href":"https:\/\/maisonurban.ma\/index.php?rest_route=\/wp\/v2\/product"}],"about":[{"href":"https:\/\/maisonurban.ma\/index.php?rest_route=\/wp\/v2\/types\/product"}],"replies":[{"embeddable":true,"href":"https:\/\/maisonurban.ma\/index.php?rest_route=%2Fwp%2Fv2%2Fcomments&post=3453"}],"wp:featuredmedia":[{"embeddable":true,"href":"https:\/\/maisonurban.ma\/index.php?rest_route=\/wp\/v2\/media\/3451"}],"wp:attachment":[{"href":"https:\/\/maisonurban.ma\/index.php?rest_route=%2Fwp%2Fv2%2Fmedia&parent=3453"}],"wp:term":[{"taxonomy":"product_brand","embeddable":true,"href":"https:\/\/maisonurban.ma\/index.php?rest_route=%2Fwp%2Fv2%2Fproduct_brand&post=3453"},{"taxonomy":"product_cat","embeddable":true,"href":"https:\/\/maisonurban.ma\/index.php?rest_route=%2Fwp%2Fv2%2Fproduct_cat&post=3453"},{"taxonomy":"product_tag","embeddable":true,"href":"https:\/\/maisonurban.ma\/index.php?rest_route=%2Fwp%2Fv2%2Fproduct_tag&post=3453"}],"curies":[{"name":"wp","href":"https:\/\/api.w.org\/{rel}","templated":true}]}}