{"id":3555,"date":"2026-03-01T22:54:38","date_gmt":"2026-03-01T22:54:38","guid":{"rendered":"https:\/\/maisonurban.ma\/?post_type=product&#038;p=3555"},"modified":"2026-03-01T22:56:57","modified_gmt":"2026-03-01T22:56:57","slug":"sweatshirt-marron-imprime-frozen-serenity","status":"publish","type":"product","link":"https:\/\/maisonurban.ma\/?product=sweatshirt-marron-imprime-frozen-serenity","title":{"rendered":"Sweatshirt Marron Imprim\u00e9 \u201cFrozen Serenity"},"content":{"rendered":"<p>Sweatshirt Marron Imprim\u00e9 \u201cFrozen Serenity\u201d<\/p>\n<p>Affirmez votre style avec ce sweatshirt marron au design artistique inspir\u00e9 d\u2019une ambiance hivernale urbaine.<\/p>\n<p>Les imprim\u00e9s photographiques plac\u00e9s sur le devant, la manche et le dos cr\u00e9ent un contraste subtil et moderne, tandis que l\u2019\u00e9criture script\u00e9e apporte une touche \u00e9l\u00e9gante et expressive.<\/p>\n<p>Sa couleur marron donne un effet chaleureux et tendance, facile \u00e0 associer avec un jean bleu, noir ou cargo beige.<\/p>\n<p>\ud83e\udd0e Couleur : Marron<\/p>\n<p>\ud83e\uddf5 Coupe : Confort \/ Relaxed<\/p>\n<p>\u2744\ufe0f D\u00e9tails : Impressions graphiques avant, manche et dos<\/p>\n<p>\ud83c\udf06 Style : Streetwear \u2013 Minimal \u2013 Urban winter<\/p>\n<p>Un essentiel pour un look streetwear ma\u00eetris\u00e9 et premium sign\u00e9 MaisonUrban.<\/p>\n","protected":false},"excerpt":{"rendered":"<p>Sweatshirt Marron Imprim\u00e9 \u201cFrozen Serenity\u201d Affirmez votre style avec ce sweatshirt marron au design artistique inspir\u00e9 d\u2019une ambiance hivernale urbaine. Les imprim\u00e9s photographiques plac\u00e9s sur le devant, la manche et le dos cr\u00e9ent un contraste subtil et moderne, tandis que l\u2019\u00e9criture script\u00e9e apporte une touche \u00e9l\u00e9gante et expressive. Sa couleur marron donne un effet chaleureux &hellip;<\/p>\n","protected":false},"featured_media":3548,"comment_status":"open","ping_status":"closed","template":"","meta":[],"product_brand":[],"product_cat":[62,55],"product_tag":[],"class_list":{"0":"post-3555","1":"product","2":"type-product","3":"status-publish","4":"has-post-thumbnail","6":"product_cat-sweat-hoodies","7":"product_cat-tout-voir","9":"first","10":"instock","11":"shipping-taxable","12":"purchasable","13":"product-type-variable"},"_links":{"self":[{"href":"https:\/\/maisonurban.ma\/index.php?rest_route=\/wp\/v2\/product\/3555","targetHints":{"allow":["GET"]}}],"collection":[{"href":"https:\/\/maisonurban.ma\/index.php?rest_route=\/wp\/v2\/product"}],"about":[{"href":"https:\/\/maisonurban.ma\/index.php?rest_route=\/wp\/v2\/types\/product"}],"replies":[{"embeddable":true,"href":"https:\/\/maisonurban.ma\/index.php?rest_route=%2Fwp%2Fv2%2Fcomments&post=3555"}],"wp:featuredmedia":[{"embeddable":true,"href":"https:\/\/maisonurban.ma\/index.php?rest_route=\/wp\/v2\/media\/3548"}],"wp:attachment":[{"href":"https:\/\/maisonurban.ma\/index.php?rest_route=%2Fwp%2Fv2%2Fmedia&parent=3555"}],"wp:term":[{"taxonomy":"product_brand","embeddable":true,"href":"https:\/\/maisonurban.ma\/index.php?rest_route=%2Fwp%2Fv2%2Fproduct_brand&post=3555"},{"taxonomy":"product_cat","embeddable":true,"href":"https:\/\/maisonurban.ma\/index.php?rest_route=%2Fwp%2Fv2%2Fproduct_cat&post=3555"},{"taxonomy":"product_tag","embeddable":true,"href":"https:\/\/maisonurban.ma\/index.php?rest_route=%2Fwp%2Fv2%2Fproduct_tag&post=3555"}],"curies":[{"name":"wp","href":"https:\/\/api.w.org\/{rel}","templated":true}]}}