{"id":3591,"date":"2026-03-04T02:07:33","date_gmt":"2026-03-04T02:07:33","guid":{"rendered":"https:\/\/maisonurban.ma\/?post_type=product&#038;p=3591"},"modified":"2026-03-07T22:57:42","modified_gmt":"2026-03-07T22:57:42","slug":"veste-artisanale-brodee-noir-vert-militaire","status":"publish","type":"product","link":"https:\/\/maisonurban.ma\/?product=veste-artisanale-brodee-noir-vert-militaire","title":{"rendered":"Veste Artisanale Brod\u00e9e \u2013 Noir \/ Vert Militaire"},"content":{"rendered":"<p>Veste Artisanale Brod\u00e9e \u2013 Noir \/ Vert Militaire<\/p>\n<p>Apportez une touche d\u2019authenticit\u00e9 et de caract\u00e8re \u00e0 votre tenue avec cette veste artisanale brod\u00e9e.<\/p>\n<p>Un mod\u00e8le unique qui m\u00e9lange tradition et style moderne pour un look puissant et \u00e9l\u00e9gant.<\/p>\n<p>\ud83d\udd39 Broderies d\u00e9taill\u00e9es avec finitions soign\u00e9es<\/p>\n<p>\ud83d\udd39 Coupe confortable et moderne<\/p>\n<p>\ud83d\udd39 Fermeture zipp\u00e9e r\u00e9sistante<\/p>\n<p>\ud83d\udd39 Mati\u00e8re douce et agr\u00e9able \u00e0 porter<\/p>\n<p>\ud83d\udd39 Disponible en Noir et Vert Militaire<\/p>\n<p>Parfaite pour vos sorties, occasions sp\u00e9ciales ou pour affirmer votre style au quotidien.<\/p>\n<p>D\u00e9tails du produit :<\/p>\n<p>Coupe : Regular fit<\/p>\n<p>Fermeture : Zip frontal<\/p>\n<p>Manches : Longues avec poignets \u00e9lastiques<\/p>\n<p>Tailles disponibles : S \u2013 M \u2013 L \u2013 XL<\/p>\n<p>Couleurs : Noir \/ Vert Militaire<\/p>\n","protected":false},"excerpt":{"rendered":"<p>Veste Artisanale Brod\u00e9e \u2013 Noir \/ Vert Militaire Apportez une touche d\u2019authenticit\u00e9 et de caract\u00e8re \u00e0 votre tenue avec cette veste artisanale brod\u00e9e. Un mod\u00e8le unique qui m\u00e9lange tradition et style moderne pour un look puissant et \u00e9l\u00e9gant. \ud83d\udd39 Broderies d\u00e9taill\u00e9es avec finitions soign\u00e9es \ud83d\udd39 Coupe confortable et moderne \ud83d\udd39 Fermeture zipp\u00e9e r\u00e9sistante \ud83d\udd39 Mati\u00e8re &hellip;<\/p>\n","protected":false},"featured_media":3583,"comment_status":"open","ping_status":"closed","template":"","meta":[],"product_brand":[],"product_cat":[55,60],"product_tag":[],"class_list":{"0":"post-3591","1":"product","2":"type-product","3":"status-publish","4":"has-post-thumbnail","6":"product_cat-tout-voir","7":"product_cat-veste","9":"first","10":"outofstock","11":"shipping-taxable","12":"purchasable","13":"product-type-variable"},"_links":{"self":[{"href":"https:\/\/maisonurban.ma\/index.php?rest_route=\/wp\/v2\/product\/3591","targetHints":{"allow":["GET"]}}],"collection":[{"href":"https:\/\/maisonurban.ma\/index.php?rest_route=\/wp\/v2\/product"}],"about":[{"href":"https:\/\/maisonurban.ma\/index.php?rest_route=\/wp\/v2\/types\/product"}],"replies":[{"embeddable":true,"href":"https:\/\/maisonurban.ma\/index.php?rest_route=%2Fwp%2Fv2%2Fcomments&post=3591"}],"wp:featuredmedia":[{"embeddable":true,"href":"https:\/\/maisonurban.ma\/index.php?rest_route=\/wp\/v2\/media\/3583"}],"wp:attachment":[{"href":"https:\/\/maisonurban.ma\/index.php?rest_route=%2Fwp%2Fv2%2Fmedia&parent=3591"}],"wp:term":[{"taxonomy":"product_brand","embeddable":true,"href":"https:\/\/maisonurban.ma\/index.php?rest_route=%2Fwp%2Fv2%2Fproduct_brand&post=3591"},{"taxonomy":"product_cat","embeddable":true,"href":"https:\/\/maisonurban.ma\/index.php?rest_route=%2Fwp%2Fv2%2Fproduct_cat&post=3591"},{"taxonomy":"product_tag","embeddable":true,"href":"https:\/\/maisonurban.ma\/index.php?rest_route=%2Fwp%2Fv2%2Fproduct_tag&post=3591"}],"curies":[{"name":"wp","href":"https:\/\/api.w.org\/{rel}","templated":true}]}}