{"id":3785,"date":"2026-03-20T17:28:10","date_gmt":"2026-03-20T17:28:10","guid":{"rendered":"https:\/\/maisonurban.ma\/?post_type=product&#038;p=3785"},"modified":"2026-04-13T18:03:11","modified_gmt":"2026-04-13T17:03:11","slug":"baggy-jean-gris-noir","status":"publish","type":"product","link":"https:\/\/maisonurban.ma\/?product=baggy-jean-gris-noir","title":{"rendered":"Baggy jean gris noir"},"content":{"rendered":"<p>Jean baggy gris noir au style urbain affirm\u00e9. Coupe ample pour un confort maximal et une libert\u00e9 de mouvement. Effet d\u00e9lav\u00e9 subtil qui apporte du caract\u00e8re \u00e0 la pi\u00e8ce. Parfait pour un look street moderne, \u00e0 porter avec un hoodie ou un t-shirt oversize.<\/p>\n","protected":false},"excerpt":{"rendered":"<p>Jean baggy gris noir au style urbain affirm\u00e9. Coupe ample pour un confort maximal et une libert\u00e9 de mouvement. Effet d\u00e9lav\u00e9 subtil qui apporte du caract\u00e8re \u00e0 la pi\u00e8ce. Parfait pour un look street moderne, \u00e0 porter avec un hoodie ou un t-shirt oversize.<\/p>\n","protected":false},"featured_media":3782,"comment_status":"open","ping_status":"closed","template":"","meta":[],"product_brand":[],"product_cat":[56,55],"product_tag":[],"class_list":{"0":"post-3785","1":"product","2":"type-product","3":"status-publish","4":"has-post-thumbnail","6":"product_cat-jeans","7":"product_cat-tout-voir","9":"first","10":"instock","11":"shipping-taxable","12":"purchasable","13":"product-type-variable"},"_links":{"self":[{"href":"https:\/\/maisonurban.ma\/index.php?rest_route=\/wp\/v2\/product\/3785","targetHints":{"allow":["GET"]}}],"collection":[{"href":"https:\/\/maisonurban.ma\/index.php?rest_route=\/wp\/v2\/product"}],"about":[{"href":"https:\/\/maisonurban.ma\/index.php?rest_route=\/wp\/v2\/types\/product"}],"replies":[{"embeddable":true,"href":"https:\/\/maisonurban.ma\/index.php?rest_route=%2Fwp%2Fv2%2Fcomments&post=3785"}],"wp:featuredmedia":[{"embeddable":true,"href":"https:\/\/maisonurban.ma\/index.php?rest_route=\/wp\/v2\/media\/3782"}],"wp:attachment":[{"href":"https:\/\/maisonurban.ma\/index.php?rest_route=%2Fwp%2Fv2%2Fmedia&parent=3785"}],"wp:term":[{"taxonomy":"product_brand","embeddable":true,"href":"https:\/\/maisonurban.ma\/index.php?rest_route=%2Fwp%2Fv2%2Fproduct_brand&post=3785"},{"taxonomy":"product_cat","embeddable":true,"href":"https:\/\/maisonurban.ma\/index.php?rest_route=%2Fwp%2Fv2%2Fproduct_cat&post=3785"},{"taxonomy":"product_tag","embeddable":true,"href":"https:\/\/maisonurban.ma\/index.php?rest_route=%2Fwp%2Fv2%2Fproduct_tag&post=3785"}],"curies":[{"name":"wp","href":"https:\/\/api.w.org\/{rel}","templated":true}]}}