{"id":3797,"date":"2026-03-20T17:32:15","date_gmt":"2026-03-20T17:32:15","guid":{"rendered":"https:\/\/maisonurban.ma\/?post_type=product&#038;p=3797"},"modified":"2026-03-20T17:38:31","modified_gmt":"2026-03-20T17:38:31","slug":"jean-baggy-bleu-clair-au-style-urbain","status":"publish","type":"product","link":"https:\/\/maisonurban.ma\/?product=jean-baggy-bleu-clair-au-style-urbain","title":{"rendered":"Jean baggy bleu clair au style urbain"},"content":{"rendered":"<p>moderne. Coupe ample pour un confort optimal et un look tendance. Effet d\u00e9lav\u00e9 clair qui apporte une touche fra\u00eeche et estivale. Id\u00e9al pour un outfit streetwear avec un t-shirt oversize ou un hoodie.<\/p>\n","protected":false},"excerpt":{"rendered":"<p>moderne. Coupe ample pour un confort optimal et un look tendance. Effet d\u00e9lav\u00e9 clair qui apporte une touche fra\u00eeche et estivale. Id\u00e9al pour un outfit streetwear avec un t-shirt oversize ou un hoodie.<\/p>\n","protected":false},"featured_media":3793,"comment_status":"open","ping_status":"closed","template":"","meta":[],"product_brand":[],"product_cat":[56,55],"product_tag":[],"class_list":{"0":"post-3797","1":"product","2":"type-product","3":"status-publish","4":"has-post-thumbnail","6":"product_cat-jeans","7":"product_cat-tout-voir","9":"first","10":"instock","11":"shipping-taxable","12":"purchasable","13":"product-type-variable"},"_links":{"self":[{"href":"https:\/\/maisonurban.ma\/index.php?rest_route=\/wp\/v2\/product\/3797","targetHints":{"allow":["GET"]}}],"collection":[{"href":"https:\/\/maisonurban.ma\/index.php?rest_route=\/wp\/v2\/product"}],"about":[{"href":"https:\/\/maisonurban.ma\/index.php?rest_route=\/wp\/v2\/types\/product"}],"replies":[{"embeddable":true,"href":"https:\/\/maisonurban.ma\/index.php?rest_route=%2Fwp%2Fv2%2Fcomments&post=3797"}],"wp:featuredmedia":[{"embeddable":true,"href":"https:\/\/maisonurban.ma\/index.php?rest_route=\/wp\/v2\/media\/3793"}],"wp:attachment":[{"href":"https:\/\/maisonurban.ma\/index.php?rest_route=%2Fwp%2Fv2%2Fmedia&parent=3797"}],"wp:term":[{"taxonomy":"product_brand","embeddable":true,"href":"https:\/\/maisonurban.ma\/index.php?rest_route=%2Fwp%2Fv2%2Fproduct_brand&post=3797"},{"taxonomy":"product_cat","embeddable":true,"href":"https:\/\/maisonurban.ma\/index.php?rest_route=%2Fwp%2Fv2%2Fproduct_cat&post=3797"},{"taxonomy":"product_tag","embeddable":true,"href":"https:\/\/maisonurban.ma\/index.php?rest_route=%2Fwp%2Fv2%2Fproduct_tag&post=3797"}],"curies":[{"name":"wp","href":"https:\/\/api.w.org\/{rel}","templated":true}]}}