{"id":3811,"date":"2026-03-20T17:40:42","date_gmt":"2026-03-20T17:40:42","guid":{"rendered":"https:\/\/maisonurban.ma\/?post_type=product&#038;p=3811"},"modified":"2026-03-20T17:43:40","modified_gmt":"2026-03-20T17:43:40","slug":"jean-baggy-bleu-washed-au-style-streetwear","status":"publish","type":"product","link":"https:\/\/maisonurban.ma\/?product=jean-baggy-bleu-washed-au-style-streetwear","title":{"rendered":"Jean baggy bleu washed au style streetwear"},"content":{"rendered":"<p>Jean baggy bleu washed au style streetwear authentique. Coupe ample pour un maximum de confort et un look d\u00e9contract\u00e9. Effet washed travaill\u00e9 qui donne un aspect vintage et tendance. Facile \u00e0 associer avec un hoodie ou un t-shirt oversize pour un outfit moderne.<\/p>\n","protected":false},"excerpt":{"rendered":"<p>Jean baggy bleu washed au style streetwear authentique. Coupe ample pour un maximum de confort et un look d\u00e9contract\u00e9. Effet washed travaill\u00e9 qui donne un aspect vintage et tendance. Facile \u00e0 associer avec un hoodie ou un t-shirt oversize pour un outfit moderne.<\/p>\n","protected":false},"featured_media":3810,"comment_status":"open","ping_status":"closed","template":"","meta":[],"product_brand":[],"product_cat":[56,55],"product_tag":[],"class_list":{"0":"post-3811","1":"product","2":"type-product","3":"status-publish","4":"has-post-thumbnail","6":"product_cat-jeans","7":"product_cat-tout-voir","9":"first","10":"instock","11":"shipping-taxable","12":"purchasable","13":"product-type-variable"},"_links":{"self":[{"href":"https:\/\/maisonurban.ma\/index.php?rest_route=\/wp\/v2\/product\/3811","targetHints":{"allow":["GET"]}}],"collection":[{"href":"https:\/\/maisonurban.ma\/index.php?rest_route=\/wp\/v2\/product"}],"about":[{"href":"https:\/\/maisonurban.ma\/index.php?rest_route=\/wp\/v2\/types\/product"}],"replies":[{"embeddable":true,"href":"https:\/\/maisonurban.ma\/index.php?rest_route=%2Fwp%2Fv2%2Fcomments&post=3811"}],"wp:featuredmedia":[{"embeddable":true,"href":"https:\/\/maisonurban.ma\/index.php?rest_route=\/wp\/v2\/media\/3810"}],"wp:attachment":[{"href":"https:\/\/maisonurban.ma\/index.php?rest_route=%2Fwp%2Fv2%2Fmedia&parent=3811"}],"wp:term":[{"taxonomy":"product_brand","embeddable":true,"href":"https:\/\/maisonurban.ma\/index.php?rest_route=%2Fwp%2Fv2%2Fproduct_brand&post=3811"},{"taxonomy":"product_cat","embeddable":true,"href":"https:\/\/maisonurban.ma\/index.php?rest_route=%2Fwp%2Fv2%2Fproduct_cat&post=3811"},{"taxonomy":"product_tag","embeddable":true,"href":"https:\/\/maisonurban.ma\/index.php?rest_route=%2Fwp%2Fv2%2Fproduct_tag&post=3811"}],"curies":[{"name":"wp","href":"https:\/\/api.w.org\/{rel}","templated":true}]}}