{"id":3877,"date":"2026-04-06T17:19:58","date_gmt":"2026-04-06T16:19:58","guid":{"rendered":"https:\/\/maisonurban.ma\/?post_type=product&#038;p=3877"},"modified":"2026-04-18T15:21:26","modified_gmt":"2026-04-18T14:21:26","slug":"jean-flare-gris-coupe-moderne","status":"publish","type":"product","link":"https:\/\/maisonurban.ma\/?product=jean-flare-gris-coupe-moderne","title":{"rendered":"Jean Flare Gris \u2013 Coupe Moderne"},"content":{"rendered":"<p>Jean Flare Gris \u2013 Coupe Moderne<\/p>\n<p>Le jean flare gris est une pi\u00e8ce incontournable pour un look moderne et tendance. Sa coupe ajust\u00e9e au niveau des hanches et l\u00e9g\u00e8rement \u00e9vas\u00e9e vers le bas apporte une silhouette \u00e9l\u00e9gante et styl\u00e9e.<\/p>\n<p>\ud83d\udd39 Couleur : Gris d\u00e9lav\u00e9<\/p>\n<p>\ud83d\udd39 Coupe : Flare (\u00e9vas\u00e9e en bas)<\/p>\n<p>\ud83d\udd39 Taille : Coupe confortable<\/p>\n<p>\ud83d\udd39 Style : Casual \/ Streetwear<\/p>\n<p>\ud83d\udd39 D\u00e9tails : Effet d\u00e9lav\u00e9 avec finition moderne<\/p>\n<p>Parfait pour un style tendance et polyvalent.<\/p>\n","protected":false},"excerpt":{"rendered":"<p>Jean Flare Gris \u2013 Coupe Moderne Le jean flare gris est une pi\u00e8ce incontournable pour un look moderne et tendance. Sa coupe ajust\u00e9e au niveau des hanches et l\u00e9g\u00e8rement \u00e9vas\u00e9e vers le bas apporte une silhouette \u00e9l\u00e9gante et styl\u00e9e. \ud83d\udd39 Couleur : Gris d\u00e9lav\u00e9 \ud83d\udd39 Coupe : Flare (\u00e9vas\u00e9e en bas) \ud83d\udd39 Taille : Coupe &hellip;<\/p>\n","protected":false},"featured_media":3875,"comment_status":"open","ping_status":"closed","template":"","meta":[],"product_brand":[],"product_cat":[56,55],"product_tag":[],"class_list":{"0":"post-3877","1":"product","2":"type-product","3":"status-publish","4":"has-post-thumbnail","6":"product_cat-jeans","7":"product_cat-tout-voir","9":"first","10":"instock","11":"shipping-taxable","12":"purchasable","13":"product-type-variable"},"_links":{"self":[{"href":"https:\/\/maisonurban.ma\/index.php?rest_route=\/wp\/v2\/product\/3877","targetHints":{"allow":["GET"]}}],"collection":[{"href":"https:\/\/maisonurban.ma\/index.php?rest_route=\/wp\/v2\/product"}],"about":[{"href":"https:\/\/maisonurban.ma\/index.php?rest_route=\/wp\/v2\/types\/product"}],"replies":[{"embeddable":true,"href":"https:\/\/maisonurban.ma\/index.php?rest_route=%2Fwp%2Fv2%2Fcomments&post=3877"}],"wp:featuredmedia":[{"embeddable":true,"href":"https:\/\/maisonurban.ma\/index.php?rest_route=\/wp\/v2\/media\/3875"}],"wp:attachment":[{"href":"https:\/\/maisonurban.ma\/index.php?rest_route=%2Fwp%2Fv2%2Fmedia&parent=3877"}],"wp:term":[{"taxonomy":"product_brand","embeddable":true,"href":"https:\/\/maisonurban.ma\/index.php?rest_route=%2Fwp%2Fv2%2Fproduct_brand&post=3877"},{"taxonomy":"product_cat","embeddable":true,"href":"https:\/\/maisonurban.ma\/index.php?rest_route=%2Fwp%2Fv2%2Fproduct_cat&post=3877"},{"taxonomy":"product_tag","embeddable":true,"href":"https:\/\/maisonurban.ma\/index.php?rest_route=%2Fwp%2Fv2%2Fproduct_tag&post=3877"}],"curies":[{"name":"wp","href":"https:\/\/api.w.org\/{rel}","templated":true}]}}