{"id":3905,"date":"2026-04-09T22:46:28","date_gmt":"2026-04-09T21:46:28","guid":{"rendered":"https:\/\/maisonurban.ma\/?post_type=product&#038;p=3905"},"modified":"2026-04-09T22:59:49","modified_gmt":"2026-04-09T21:59:49","slug":"t-shirt-oversize-jersey-35","status":"publish","type":"product","link":"https:\/\/maisonurban.ma\/?product=t-shirt-oversize-jersey-35","title":{"rendered":"T-shirt Oversize Jersey \u201c35\u201d"},"content":{"rendered":"<p>Apportez une touche sportive et urbaine \u00e0 votre style avec ce t-shirt oversize inspir\u00e9 des jerseys am\u00e9ricains. Son design minimaliste avec le num\u00e9ro 35 en contraste blanc en fait une pi\u00e8ce forte et tendance.<\/p>\n<p>\ud83d\udd25 D\u00e9tails du produit :<\/p>\n<p>Coupe : Oversize (large et confortable)<\/p>\n<p>Couleur : Noir avec impression blanche<\/p>\n<p>Motif : Num\u00e9ro \u201c35\u201d style sportif<\/p>\n<p>Col : Col rond<\/p>\n<p>Manches : Courtes avec bandes contrast\u00e9es<\/p>\n<p>Mati\u00e8re : Tissu doux et respirant<\/p>\n","protected":false},"excerpt":{"rendered":"<p>Apportez une touche sportive et urbaine \u00e0 votre style avec ce t-shirt oversize inspir\u00e9 des jerseys am\u00e9ricains. Son design minimaliste avec le num\u00e9ro 35 en contraste blanc en fait une pi\u00e8ce forte et tendance. \ud83d\udd25 D\u00e9tails du produit : Coupe : Oversize (large et confortable) Couleur : Noir avec impression blanche Motif : Num\u00e9ro \u201c35\u201d &hellip;<\/p>\n","protected":false},"featured_media":3900,"comment_status":"open","ping_status":"closed","template":"","meta":[],"product_brand":[],"product_cat":[61,55],"product_tag":[],"class_list":{"0":"post-3905","1":"product","2":"type-product","3":"status-publish","4":"has-post-thumbnail","6":"product_cat-t-shirt","7":"product_cat-tout-voir","9":"first","10":"instock","11":"shipping-taxable","12":"purchasable","13":"product-type-variable"},"_links":{"self":[{"href":"https:\/\/maisonurban.ma\/index.php?rest_route=\/wp\/v2\/product\/3905","targetHints":{"allow":["GET"]}}],"collection":[{"href":"https:\/\/maisonurban.ma\/index.php?rest_route=\/wp\/v2\/product"}],"about":[{"href":"https:\/\/maisonurban.ma\/index.php?rest_route=\/wp\/v2\/types\/product"}],"replies":[{"embeddable":true,"href":"https:\/\/maisonurban.ma\/index.php?rest_route=%2Fwp%2Fv2%2Fcomments&post=3905"}],"wp:featuredmedia":[{"embeddable":true,"href":"https:\/\/maisonurban.ma\/index.php?rest_route=\/wp\/v2\/media\/3900"}],"wp:attachment":[{"href":"https:\/\/maisonurban.ma\/index.php?rest_route=%2Fwp%2Fv2%2Fmedia&parent=3905"}],"wp:term":[{"taxonomy":"product_brand","embeddable":true,"href":"https:\/\/maisonurban.ma\/index.php?rest_route=%2Fwp%2Fv2%2Fproduct_brand&post=3905"},{"taxonomy":"product_cat","embeddable":true,"href":"https:\/\/maisonurban.ma\/index.php?rest_route=%2Fwp%2Fv2%2Fproduct_cat&post=3905"},{"taxonomy":"product_tag","embeddable":true,"href":"https:\/\/maisonurban.ma\/index.php?rest_route=%2Fwp%2Fv2%2Fproduct_tag&post=3905"}],"curies":[{"name":"wp","href":"https:\/\/api.w.org\/{rel}","templated":true}]}}