{"id":4053,"date":"2026-04-15T14:26:10","date_gmt":"2026-04-15T13:26:10","guid":{"rendered":"https:\/\/maisonurban.ma\/?post_type=product&#038;p=4053"},"modified":"2026-04-15T14:28:11","modified_gmt":"2026-04-15T13:28:11","slug":"jean-ballon-fit-imprime","status":"publish","type":"product","link":"https:\/\/maisonurban.ma\/?product=jean-ballon-fit-imprime","title":{"rendered":"Jean ballon fit imprim\u00e9 &#8211;"},"content":{"rendered":"<p>Jean ballon noir imprim\u00e9 \u2013 coupe oversize<\/p>\n<p>Ce jean ballon noir adopte une coupe ample et moderne, avec une silhouette arrondie au niveau des hanches et des cuisses, puis l\u00e9g\u00e8rement resserr\u00e9e aux chevilles. Il offre un style streetwear affirm\u00e9 tout en restant confortable au quotidien.<\/p>\n<p>Confectionn\u00e9 en denim noir, il est rehauss\u00e9 d\u2019un imprim\u00e9 graphique discret ou contrast\u00e9 (selon le design) qui apporte une touche unique et tendance. Sa taille haute structure la silhouette et permet de le porter facilement avec un t-shirt oversize, un hoodie ou une veste street.<\/p>\n<p>Id\u00e9al pour un look urbain, inspir\u00e9 des marques actuelles, ce jean combine confort, volume et style moderne.<\/p>\n","protected":false},"excerpt":{"rendered":"<p>Jean ballon noir imprim\u00e9 \u2013 coupe oversize Ce jean ballon noir adopte une coupe ample et moderne, avec une silhouette arrondie au niveau des hanches et des cuisses, puis l\u00e9g\u00e8rement resserr\u00e9e aux chevilles. Il offre un style streetwear affirm\u00e9 tout en restant confortable au quotidien. Confectionn\u00e9 en denim noir, il est rehauss\u00e9 d\u2019un imprim\u00e9 graphique &hellip;<\/p>\n","protected":false},"featured_media":4052,"comment_status":"open","ping_status":"closed","template":"","meta":[],"product_brand":[],"product_cat":[56,55],"product_tag":[],"class_list":{"0":"post-4053","1":"product","2":"type-product","3":"status-publish","4":"has-post-thumbnail","6":"product_cat-jeans","7":"product_cat-tout-voir","9":"first","10":"instock","11":"shipping-taxable","12":"purchasable","13":"product-type-variable"},"_links":{"self":[{"href":"https:\/\/maisonurban.ma\/index.php?rest_route=\/wp\/v2\/product\/4053","targetHints":{"allow":["GET"]}}],"collection":[{"href":"https:\/\/maisonurban.ma\/index.php?rest_route=\/wp\/v2\/product"}],"about":[{"href":"https:\/\/maisonurban.ma\/index.php?rest_route=\/wp\/v2\/types\/product"}],"replies":[{"embeddable":true,"href":"https:\/\/maisonurban.ma\/index.php?rest_route=%2Fwp%2Fv2%2Fcomments&post=4053"}],"wp:featuredmedia":[{"embeddable":true,"href":"https:\/\/maisonurban.ma\/index.php?rest_route=\/wp\/v2\/media\/4052"}],"wp:attachment":[{"href":"https:\/\/maisonurban.ma\/index.php?rest_route=%2Fwp%2Fv2%2Fmedia&parent=4053"}],"wp:term":[{"taxonomy":"product_brand","embeddable":true,"href":"https:\/\/maisonurban.ma\/index.php?rest_route=%2Fwp%2Fv2%2Fproduct_brand&post=4053"},{"taxonomy":"product_cat","embeddable":true,"href":"https:\/\/maisonurban.ma\/index.php?rest_route=%2Fwp%2Fv2%2Fproduct_cat&post=4053"},{"taxonomy":"product_tag","embeddable":true,"href":"https:\/\/maisonurban.ma\/index.php?rest_route=%2Fwp%2Fv2%2Fproduct_tag&post=4053"}],"curies":[{"name":"wp","href":"https:\/\/api.w.org\/{rel}","templated":true}]}}